{"id":1058,"date":"2025-09-24T14:04:51","date_gmt":"2025-09-24T12:04:51","guid":{"rendered":"https:\/\/www.marinaturro.com\/info\/"},"modified":"2026-04-20T13:13:02","modified_gmt":"2026-04-20T11:13:02","slug":"sobre-mi","status":"publish","type":"page","link":"https:\/\/www.marinaturro.com\/es\/sobre-mi\/","title":{"rendered":"Sobre mi"},"content":{"rendered":"\t\t<div data-elementor-type=\"wp-page\" data-elementor-id=\"1058\" class=\"elementor elementor-1058 elementor-19\" data-elementor-post-type=\"page\">\n\t\t\t\t<div class=\"elementor-element elementor-element-141dbb8 e-con-full e-flex e-con e-parent\" data-id=\"141dbb8\" data-element_type=\"container\" data-e-type=\"container\" data-settings=\"{&quot;background_background&quot;:&quot;classic&quot;}\">\n\t\t<div class=\"elementor-element elementor-element-a09b639 e-con-full e-flex e-con e-child\" data-id=\"a09b639\" data-element_type=\"container\" data-e-type=\"container\" data-settings=\"{&quot;background_background&quot;:&quot;classic&quot;}\">\n\t\t\t\t<\/div>\n\t\t\t\t<\/div>\n\t\t<div class=\"elementor-element elementor-element-99d4759 e-con-full e-flex e-con e-parent\" data-id=\"99d4759\" data-element_type=\"container\" data-e-type=\"container\">\n\t\t<div class=\"elementor-element elementor-element-fd2950c e-con-full e-flex e-con e-child\" data-id=\"fd2950c\" data-element_type=\"container\" data-e-type=\"container\">\n\t\t\t\t<div class=\"elementor-element elementor-element-64e0cc3 elementor-widget elementor-widget-image\" data-id=\"64e0cc3\" data-element_type=\"widget\" data-e-type=\"widget\" data-widget_type=\"image.default\">\n\t\t\t\t\t\t\t\t\t\t\t\t\t\t\t<img fetchpriority=\"high\" decoding=\"async\" width=\"744\" height=\"1024\" src=\"https:\/\/www.marinaturro.com\/wp-content\/uploads\/2026\/04\/Imatge_petita_512x705-744x1024.jpg\" class=\"attachment-large size-large wp-image-3930\" alt=\"\" srcset=\"https:\/\/www.marinaturro.com\/wp-content\/uploads\/2026\/04\/Imatge_petita_512x705-744x1024.jpg 744w, https:\/\/www.marinaturro.com\/wp-content\/uploads\/2026\/04\/Imatge_petita_512x705-218x300.jpg 218w, https:\/\/www.marinaturro.com\/wp-content\/uploads\/2026\/04\/Imatge_petita_512x705-768x1057.jpg 768w, https:\/\/www.marinaturro.com\/wp-content\/uploads\/2026\/04\/Imatge_petita_512x705.jpg 1067w\" sizes=\"(max-width: 744px) 100vw, 744px\" \/>\t\t\t\t\t\t\t\t\t\t\t\t\t\t\t<\/div>\n\t\t\t\t<\/div>\n\t\t<div class=\"elementor-element elementor-element-9d9e6a4 e-con-full e-flex e-con e-child\" data-id=\"9d9e6a4\" data-element_type=\"container\" data-e-type=\"container\">\n\t\t\t\t<div class=\"elementor-element elementor-element-70e8a57 elementor-widget elementor-widget-heading\" data-id=\"70e8a57\" data-element_type=\"widget\" data-e-type=\"widget\" data-widget_type=\"heading.default\">\n\t\t\t\t\t<h1 class=\"elementor-heading-title elementor-size-default\">\u00a1Hola!<\/h1>\t\t\t\t<\/div>\n\t\t\t\t<div class=\"elementor-element elementor-element-c1ef475 elementor-widget elementor-widget-text-editor\" data-id=\"c1ef475\" data-element_type=\"widget\" data-e-type=\"widget\" data-widget_type=\"text-editor.default\">\n\t\t\t\t\t\t\t\t\t<p>Soy Marina Turr\u00f3, dise\u00f1adora gr\u00e1fica e ilustradora. Desde 2002 trabajo en mi propio estudio donde realizo proyectos de comunicaci\u00f3n gr\u00e1fica, identidad corporativa e ilustraci\u00f3n.<\/p><p>Trabajo para clientes de todo tipo, desde grandes empresas a negocios locales, y para varios ayuntamientos del Maresme y otros organismos p\u00fablicos.<\/p><p>Me gusta utilizar el color como parte importante de la comunicaci\u00f3n, y siempre que sea posible, contar con la ilustraci\u00f3n como elemento esencial. En el \u00e1mbito de la comunicaci\u00f3n gr\u00e1fica y el branding, creo firmemente en dise\u00f1ar pensando en el usuario de a pie, creando soluciones que no solo acompa\u00f1en, sino que resulten realmente \u00fatiles y significativas.<\/p><p>\u00a1Expl\u00edcame tu proyecto y seguro que juntos le damos una forma memorable!<\/p>\t\t\t\t\t\t\t\t<\/div>\n\t\t\t\t<div class=\"elementor-element elementor-element-238cd75 elementor-widget elementor-widget-heading\" data-id=\"238cd75\" data-element_type=\"widget\" data-e-type=\"widget\" data-widget_type=\"heading.default\">\n\t\t\t\t\t<p class=\"elementor-heading-title elementor-size-default\"><a href=\"https:\/\/drive.google.com\/file\/d\/1JnvC_vNVOcWvuX9aWl9KIr0Q0oSogQdn\/view?usp=drive_link\" target=\"_blank\" rel=\"nofollow\">Desc\u00e1rgate el Portfolio<\/a><\/p>\t\t\t\t<\/div>\n\t\t\t\t<div class=\"elementor-element elementor-element-dc79819 elementor-widget elementor-widget-heading\" data-id=\"dc79819\" data-element_type=\"widget\" data-e-type=\"widget\" data-widget_type=\"heading.default\">\n\t\t\t\t\t<p class=\"elementor-heading-title elementor-size-default\"><a href=\"https:\/\/www.linkedin.com\/in\/marinaturrocasanovas\/\" target=\"_blank\" rel=\"nofollow\">Conect\u00e9monos en Linkedin<\/a><\/p>\t\t\t\t<\/div>\n\t\t\t\t<div class=\"elementor-element elementor-element-35677e2 elementor-widget elementor-widget-heading\" data-id=\"35677e2\" data-element_type=\"widget\" data-e-type=\"widget\" data-widget_type=\"heading.default\">\n\t\t\t\t\t<h2 class=\"elementor-heading-title elementor-size-default\">Clientes<\/h2>\t\t\t\t<\/div>\n\t\t\t\t<div class=\"elementor-element elementor-element-1d6f2d8 elementor-widget elementor-widget-text-editor\" data-id=\"1d6f2d8\" data-element_type=\"widget\" data-e-type=\"widget\" data-widget_type=\"text-editor.default\">\n\t\t\t\t\t\t\t\t\t<p>Entre otros, he trabajado con: Actar Editorial \/ Aig\u00fces de Barcelona \/ Aig\u00fces de Matar\u00f3 \/ Ajuntament d\u2019Arenys de Mar \/ Ajuntament de Barcelona \/ Ajuntament de Calella \/ Ajuntament de Canet de Mar \/ Ajuntament de Matar\u00f3 \/ Ajuntament de Pineda de Mar \/ Ajuntament de Sant Cebri\u00e0 \/ Ajuntament de Sant Pol de Mar \/ Ajuntament de Santa Susanna \/ Ajuntament de Subirats \/ Ajuntament de Tordera \/ \u00c0ngels Mor\u00e9 Advocat \/ Autisme Nakama \/ Bamblue Apartments \/ BIC Europe \/ Bitac \/ B\u00f3boli \/ Bolrooms \/ Creativa Barcelona \/ Creu Blava \/ C.N.El Bal\u00eds \/ Consell Comarcal del Maresme \/ Consorci de Promoci\u00f3 Tur\u00edstica Costa de Barcelona\u2013 Maresme \/ Descent \/ Durga Comas \/ El Celler d\u2019en Medir \/ Fira M\u00e0gica \/ Fira Gran Barcelona \/ Fundaci\u00f3 Caixa Laietana \/ Fundaci\u00f3 Festival Shakespeare \/ Fundaci\u00f3 Tharrats d\u2019Art Gr\u00e0fic \/ Gestaigua \/ Green Sport Garden \/ Hallotex \/ Horta Oller \/ Hotel Marinada \/ Hotel Montemar Mar\u00edtim \/ Hotel Moremar \/ Hotel Las Vegas \/ Hotel Sorrabona \/ Jan et Jul \/ Kailua Viatges \/ Lactalis-Nestl\u00e9 \/ Mercury Grup \/ Novartis Farmac\u00e9utica \/ R\u00e0dio Pineda \/ Salvat Farmac\u00e9utica \/ Serviflor \/ Suris<\/p>\t\t\t\t\t\t\t\t<\/div>\n\t\t\t\t<div class=\"elementor-element elementor-element-e36355d elementor-widget elementor-widget-heading\" data-id=\"e36355d\" data-element_type=\"widget\" data-e-type=\"widget\" data-widget_type=\"heading.default\">\n\t\t\t\t\t<h2 class=\"elementor-heading-title elementor-size-default\">Mi formaci\u00f3n<\/h2>\t\t\t\t<\/div>\n\t\t\t\t<div class=\"elementor-element elementor-element-b3692ce elementor-widget elementor-widget-text-editor\" data-id=\"b3692ce\" data-element_type=\"widget\" data-e-type=\"widget\" data-widget_type=\"text-editor.default\">\n\t\t\t\t\t\t\t\t\t<p><strong>Graduado Superior en Dise\u00f1o Gr\u00e1fico<\/strong><br>Escola EINA (UAB) (1996-2000)<\/p><p><strong>M\u00e1ster de Interfaces para entornos Multimedia<\/strong><br>Escola Elisava (UPF) (2000-2001)<\/p><p><strong>Postgrado de Ilustraci\u00f3n Creativa<\/strong><br>Escola EINA (UAB) (2003-2004)<\/p><p><strong>Workshop de Ilustraci\u00f3n de Moda<\/strong><br>Escoa Bau (UVic-UCC) (2016)<\/p><p><strong>Curso Monogr\u00e1fico de Ilustraci\u00f3n Gr\u00e1fica Textil<\/strong><br>APIC -Associaci\u00f3 Professional d\u2019il\u00b7lustradors de Catalunya- (2018)<\/p><p><strong>Retitulaci\u00f3n<\/strong><br><strong>Grado de Dise\u00f1o, Menci\u00f3n en Dise\u00f1o Gr\u00e1fico<\/strong><br>EINA Centre Universitari de Disseny i Art de Barcelona (UAB) (2020-2021)<\/p>\t\t\t\t\t\t\t\t<\/div>\n\t\t\t\t<\/div>\n\t\t\t\t<\/div>\n\t\t\t\t<\/div>\n\t\t","protected":false},"excerpt":{"rendered":"<p>\u00a1Hola! Soy Marina Turr\u00f3, dise\u00f1adora gr\u00e1fica e ilustradora. Desde 2002 trabajo en mi propio estudio donde realizo proyectos de comunicaci\u00f3n gr\u00e1fica, identidad corporativa e ilustraci\u00f3n. Trabajo para clientes de todo tipo, desde grandes empresas a negocios locales, y para varios ayuntamientos del Maresme y otros organismos p\u00fablicos. Me gusta utilizar el color como parte importante [&hellip;]<\/p>\n","protected":false},"author":1,"featured_media":0,"parent":0,"menu_order":0,"comment_status":"closed","ping_status":"closed","template":"elementor_header_footer","meta":{"_acf_changed":false,"footnotes":""},"class_list":["post-1058","page","type-page","status-publish","hentry"],"acf":[],"yoast_head":"<!-- This site is optimized with the Yoast SEO plugin v27.3 - https:\/\/yoast.com\/product\/yoast-seo-wordpress\/ -->\n<title>Sobre mi - Marina Turr\u00f3 Disseny Gr\u00e0fic i Il\u00b7lustraci\u00f3<\/title>\n<meta name=\"description\" content=\"Trabajo para clientes de todo tipo, desde grandes empresas hasta negocios locales, y para diversos ayuntamientos y otros organismos p\u00fablicos.\" \/>\n<meta name=\"robots\" content=\"index, follow, max-snippet:-1, max-image-preview:large, max-video-preview:-1\" \/>\n<link rel=\"canonical\" href=\"https:\/\/www.marinaturro.com\/es\/sobre-mi\/\" \/>\n<meta property=\"og:locale\" content=\"es_ES\" \/>\n<meta property=\"og:type\" content=\"article\" \/>\n<meta property=\"og:title\" content=\"Sobre mi - Marina Turr\u00f3 Disseny Gr\u00e0fic i Il\u00b7lustraci\u00f3\" \/>\n<meta property=\"og:description\" content=\"Trabajo para clientes de todo tipo, desde grandes empresas hasta negocios locales, y para diversos ayuntamientos y otros organismos p\u00fablicos.\" \/>\n<meta property=\"og:url\" content=\"https:\/\/www.marinaturro.com\/es\/sobre-mi\/\" \/>\n<meta property=\"og:site_name\" content=\"Marina Turr\u00f3 Disseny Gr\u00e0fic i Il\u00b7lustraci\u00f3\" \/>\n<meta property=\"article:modified_time\" content=\"2026-04-20T11:13:02+00:00\" \/>\n<meta property=\"og:image\" content=\"https:\/\/www.marinaturro.com\/wp-content\/uploads\/2026\/04\/Imatge_petita_512x705.jpg\" \/>\n\t<meta property=\"og:image:width\" content=\"1067\" \/>\n\t<meta property=\"og:image:height\" content=\"1469\" \/>\n\t<meta property=\"og:image:type\" content=\"image\/jpeg\" \/>\n<meta name=\"twitter:card\" content=\"summary_large_image\" \/>\n<meta name=\"twitter:label1\" content=\"Tiempo de lectura\" \/>\n\t<meta name=\"twitter:data1\" content=\"2 minutos\" \/>\n<script type=\"application\/ld+json\" class=\"yoast-schema-graph\">{\"@context\":\"https:\\\/\\\/schema.org\",\"@graph\":[{\"@type\":\"WebPage\",\"@id\":\"https:\\\/\\\/www.marinaturro.com\\\/es\\\/sobre-mi\\\/\",\"url\":\"https:\\\/\\\/www.marinaturro.com\\\/es\\\/sobre-mi\\\/\",\"name\":\"Sobre mi - Marina Turr\u00f3 Disseny Gr\u00e0fic i Il\u00b7lustraci\u00f3\",\"isPartOf\":{\"@id\":\"https:\\\/\\\/www.marinaturro.com\\\/es\\\/#website\"},\"primaryImageOfPage\":{\"@id\":\"https:\\\/\\\/www.marinaturro.com\\\/es\\\/sobre-mi\\\/#primaryimage\"},\"image\":{\"@id\":\"https:\\\/\\\/www.marinaturro.com\\\/es\\\/sobre-mi\\\/#primaryimage\"},\"thumbnailUrl\":\"https:\\\/\\\/www.marinaturro.com\\\/wp-content\\\/uploads\\\/2026\\\/04\\\/Imatge_petita_512x705-744x1024.jpg\",\"datePublished\":\"2025-09-24T12:04:51+00:00\",\"dateModified\":\"2026-04-20T11:13:02+00:00\",\"description\":\"Trabajo para clientes de todo tipo, desde grandes empresas hasta negocios locales, y para diversos ayuntamientos y otros organismos p\u00fablicos.\",\"breadcrumb\":{\"@id\":\"https:\\\/\\\/www.marinaturro.com\\\/es\\\/sobre-mi\\\/#breadcrumb\"},\"inLanguage\":\"es\",\"potentialAction\":[{\"@type\":\"ReadAction\",\"target\":[\"https:\\\/\\\/www.marinaturro.com\\\/es\\\/sobre-mi\\\/\"]}]},{\"@type\":\"ImageObject\",\"inLanguage\":\"es\",\"@id\":\"https:\\\/\\\/www.marinaturro.com\\\/es\\\/sobre-mi\\\/#primaryimage\",\"url\":\"https:\\\/\\\/www.marinaturro.com\\\/wp-content\\\/uploads\\\/2026\\\/04\\\/Imatge_petita_512x705-744x1024.jpg\",\"contentUrl\":\"https:\\\/\\\/www.marinaturro.com\\\/wp-content\\\/uploads\\\/2026\\\/04\\\/Imatge_petita_512x705-744x1024.jpg\"},{\"@type\":\"BreadcrumbList\",\"@id\":\"https:\\\/\\\/www.marinaturro.com\\\/es\\\/sobre-mi\\\/#breadcrumb\",\"itemListElement\":[{\"@type\":\"ListItem\",\"position\":1,\"name\":\"Inici\",\"item\":\"https:\\\/\\\/www.marinaturro.com\\\/es\\\/\"},{\"@type\":\"ListItem\",\"position\":2,\"name\":\"Sobre mi\"}]},{\"@type\":\"WebSite\",\"@id\":\"https:\\\/\\\/www.marinaturro.com\\\/es\\\/#website\",\"url\":\"https:\\\/\\\/www.marinaturro.com\\\/es\\\/\",\"name\":\"Marina Turr\u00f3 Disseny Gr\u00e0fic i Il\u00b7lustraci\u00f3\",\"description\":\"Disseny Gr\u00e0fic i Il\u00b7lustraci\u00f3 a Calella\",\"potentialAction\":[{\"@type\":\"SearchAction\",\"target\":{\"@type\":\"EntryPoint\",\"urlTemplate\":\"https:\\\/\\\/www.marinaturro.com\\\/es\\\/?s={search_term_string}\"},\"query-input\":{\"@type\":\"PropertyValueSpecification\",\"valueRequired\":true,\"valueName\":\"search_term_string\"}}],\"inLanguage\":\"es\"}]}<\/script>\n<!-- \/ Yoast SEO plugin. -->","yoast_head_json":{"title":"Sobre mi - Marina Turr\u00f3 Disseny Gr\u00e0fic i Il\u00b7lustraci\u00f3","description":"Trabajo para clientes de todo tipo, desde grandes empresas hasta negocios locales, y para diversos ayuntamientos y otros organismos p\u00fablicos.","robots":{"index":"index","follow":"follow","max-snippet":"max-snippet:-1","max-image-preview":"max-image-preview:large","max-video-preview":"max-video-preview:-1"},"canonical":"https:\/\/www.marinaturro.com\/es\/sobre-mi\/","og_locale":"es_ES","og_type":"article","og_title":"Sobre mi - Marina Turr\u00f3 Disseny Gr\u00e0fic i Il\u00b7lustraci\u00f3","og_description":"Trabajo para clientes de todo tipo, desde grandes empresas hasta negocios locales, y para diversos ayuntamientos y otros organismos p\u00fablicos.","og_url":"https:\/\/www.marinaturro.com\/es\/sobre-mi\/","og_site_name":"Marina Turr\u00f3 Disseny Gr\u00e0fic i Il\u00b7lustraci\u00f3","article_modified_time":"2026-04-20T11:13:02+00:00","og_image":[{"width":1067,"height":1469,"url":"https:\/\/www.marinaturro.com\/wp-content\/uploads\/2026\/04\/Imatge_petita_512x705.jpg","type":"image\/jpeg"}],"twitter_card":"summary_large_image","twitter_misc":{"Tiempo de lectura":"2 minutos"},"schema":{"@context":"https:\/\/schema.org","@graph":[{"@type":"WebPage","@id":"https:\/\/www.marinaturro.com\/es\/sobre-mi\/","url":"https:\/\/www.marinaturro.com\/es\/sobre-mi\/","name":"Sobre mi - Marina Turr\u00f3 Disseny Gr\u00e0fic i Il\u00b7lustraci\u00f3","isPartOf":{"@id":"https:\/\/www.marinaturro.com\/es\/#website"},"primaryImageOfPage":{"@id":"https:\/\/www.marinaturro.com\/es\/sobre-mi\/#primaryimage"},"image":{"@id":"https:\/\/www.marinaturro.com\/es\/sobre-mi\/#primaryimage"},"thumbnailUrl":"https:\/\/www.marinaturro.com\/wp-content\/uploads\/2026\/04\/Imatge_petita_512x705-744x1024.jpg","datePublished":"2025-09-24T12:04:51+00:00","dateModified":"2026-04-20T11:13:02+00:00","description":"Trabajo para clientes de todo tipo, desde grandes empresas hasta negocios locales, y para diversos ayuntamientos y otros organismos p\u00fablicos.","breadcrumb":{"@id":"https:\/\/www.marinaturro.com\/es\/sobre-mi\/#breadcrumb"},"inLanguage":"es","potentialAction":[{"@type":"ReadAction","target":["https:\/\/www.marinaturro.com\/es\/sobre-mi\/"]}]},{"@type":"ImageObject","inLanguage":"es","@id":"https:\/\/www.marinaturro.com\/es\/sobre-mi\/#primaryimage","url":"https:\/\/www.marinaturro.com\/wp-content\/uploads\/2026\/04\/Imatge_petita_512x705-744x1024.jpg","contentUrl":"https:\/\/www.marinaturro.com\/wp-content\/uploads\/2026\/04\/Imatge_petita_512x705-744x1024.jpg"},{"@type":"BreadcrumbList","@id":"https:\/\/www.marinaturro.com\/es\/sobre-mi\/#breadcrumb","itemListElement":[{"@type":"ListItem","position":1,"name":"Inici","item":"https:\/\/www.marinaturro.com\/es\/"},{"@type":"ListItem","position":2,"name":"Sobre mi"}]},{"@type":"WebSite","@id":"https:\/\/www.marinaturro.com\/es\/#website","url":"https:\/\/www.marinaturro.com\/es\/","name":"Marina Turr\u00f3 Disseny Gr\u00e0fic i Il\u00b7lustraci\u00f3","description":"Disseny Gr\u00e0fic i Il\u00b7lustraci\u00f3 a Calella","potentialAction":[{"@type":"SearchAction","target":{"@type":"EntryPoint","urlTemplate":"https:\/\/www.marinaturro.com\/es\/?s={search_term_string}"},"query-input":{"@type":"PropertyValueSpecification","valueRequired":true,"valueName":"search_term_string"}}],"inLanguage":"es"}]}},"_links":{"self":[{"href":"https:\/\/www.marinaturro.com\/es\/wp-json\/wp\/v2\/pages\/1058","targetHints":{"allow":["GET"]}}],"collection":[{"href":"https:\/\/www.marinaturro.com\/es\/wp-json\/wp\/v2\/pages"}],"about":[{"href":"https:\/\/www.marinaturro.com\/es\/wp-json\/wp\/v2\/types\/page"}],"author":[{"embeddable":true,"href":"https:\/\/www.marinaturro.com\/es\/wp-json\/wp\/v2\/users\/1"}],"replies":[{"embeddable":true,"href":"https:\/\/www.marinaturro.com\/es\/wp-json\/wp\/v2\/comments?post=1058"}],"version-history":[{"count":40,"href":"https:\/\/www.marinaturro.com\/es\/wp-json\/wp\/v2\/pages\/1058\/revisions"}],"predecessor-version":[{"id":4086,"href":"https:\/\/www.marinaturro.com\/es\/wp-json\/wp\/v2\/pages\/1058\/revisions\/4086"}],"wp:attachment":[{"href":"https:\/\/www.marinaturro.com\/es\/wp-json\/wp\/v2\/media?parent=1058"}],"curies":[{"name":"wp","href":"https:\/\/api.w.org\/{rel}","templated":true}]}}