{"id":1038,"date":"2025-09-24T14:05:02","date_gmt":"2025-09-24T12:05:02","guid":{"rendered":"https:\/\/www.marinaturro.com\/avis-legal\/"},"modified":"2025-10-24T12:01:07","modified_gmt":"2025-10-24T10:01:07","slug":"aviso-legal","status":"publish","type":"page","link":"https:\/\/www.marinaturro.com\/es\/aviso-legal\/","title":{"rendered":"Aviso legal"},"content":{"rendered":"\t\t<div data-elementor-type=\"wp-page\" data-elementor-id=\"1038\" class=\"elementor elementor-1038 elementor-21\" data-elementor-post-type=\"page\">\n\t\t\t\t<div class=\"elementor-element elementor-element-af00c98 e-flex e-con-boxed e-con e-parent\" data-id=\"af00c98\" data-element_type=\"container\" data-e-type=\"container\" data-settings=\"{&quot;background_background&quot;:&quot;classic&quot;}\">\n\t\t\t\t\t<div class=\"e-con-inner\">\n\t\t<div class=\"elementor-element elementor-element-e64fb5a e-con-full e-flex e-con e-child\" data-id=\"e64fb5a\" data-element_type=\"container\" data-e-type=\"container\">\n\t\t\t\t<div class=\"elementor-element elementor-element-df6f6fa elementor-widget elementor-widget-heading\" data-id=\"df6f6fa\" data-element_type=\"widget\" data-e-type=\"widget\" data-widget_type=\"heading.default\">\n\t\t\t\t\t<h1 class=\"elementor-heading-title elementor-size-default\">Aviso legal<\/h1>\t\t\t\t<\/div>\n\t\t\t\t<div class=\"elementor-element elementor-element-e4f86bc elementor-widget elementor-widget-text-editor\" data-id=\"e4f86bc\" data-element_type=\"widget\" data-e-type=\"widget\" data-widget_type=\"text-editor.default\">\n\t\t\t\t\t\t\t\t\t<p>Para dar cumplimiento al art\u00edculo 10 de la Ley 34\/2002 de Servicios de la Sociedad de la Informaci\u00f3n y del Comercio Electr\u00f3nico, informamos a los usuarios de nuestros datos:<\/p><ul><li>Denominaci\u00f3n Social: <strong>MARINA TURR\u00d3 CASANOVAS<\/strong><\/li><li>Domicilio Social: <strong>Carrer Esgl\u00e9sia, 198, 1\u00ba A, 08370, Calella, Barcelona<\/strong><\/li><li>NIF: <strong>38847252E<\/strong><\/li><li>Tel\u00e9fono: <strong>636 99 19 71<\/strong><\/li><li>E-Mail: <a href=\"mailto:marina@marinaturro.com\"><strong>marina@marinaturro.com<\/strong><\/a><\/li><li>Web: <a href=\"https:\/\/www.marinaturro.com\"><strong>www.marinaturro.com<\/strong><\/a><\/li><\/ul><h4>1. OBJETO<\/h4><p><strong>MARINA TURR\u00d3 CASANOVAS<\/strong> (en adelante, tambi\u00e9n el prestador), como responsable del sitio web, pone a disposici\u00f3n de los usuarios este documento, que regula el uso del sitio web <a href=\"https:\/\/www.marinaturro.com\/\"><strong>www.marinaturro.com<\/strong><\/a>, con el cual pretendemos dar cumplimiento a las obligaciones dispuestas por la Ley 34\/2002, de Servicios de la Sociedad de la Informaci\u00f3n y del Comercio Electr\u00f3nico (LSSICE o LSSI), as\u00ed como informar a todos los usuarios del sitio web respecto de cu\u00e1les son las condiciones de uso del mismo. A trav\u00e9s de la web, <strong>MARINA TURR\u00d3 CASANOVAS<\/strong> facilita a los usuarios el acceso y utilizaci\u00f3n de diferentes servicios y contenidos puestos a disposici\u00f3n a trav\u00e9s de la web.<br \/>Toda persona que acceda a esta web asume el papel de usuario (en adelante, el usuario), e implica la aceptaci\u00f3n total y sin reservas de todas y cada una de las disposiciones incluidas en este Aviso Legal, as\u00ed como de cualquier otra disposici\u00f3n legal que fuera de aplicaci\u00f3n. Como usuarios, deben leer atentamente este Aviso Legal en cualquiera de las ocasiones en que entren en la web, ya que esta puede sufrir modificaciones, puesto que el prestador se reserva el derecho a modificar cualquier tipo de informaci\u00f3n que pudiera aparecer en la web, sin que exista la obligaci\u00f3n de preavisar o poner en conocimiento de los usuarios dichas obligaciones, siendo suficiente la publicaci\u00f3n en el sitio web del prestador.<\/p><h4>2. CONDICIONES DE ACCESO Y USO DE LA WEB<\/h4><p><strong>2.1. Car\u00e1cter gratuito del acceso y uso de la web.<\/strong> La prestaci\u00f3n de los servicios por parte de <strong>MARINA TURR\u00d3 CASANOVAS<\/strong> tiene car\u00e1cter gratuito para todos los usuarios.<\/p><p><strong>2.2. Registro de usuario.<\/strong> Con car\u00e1cter general, la prestaci\u00f3n de los servicios no exige la previa suscripci\u00f3n o registro de los usuarios.<\/p><p><strong>2.3. Veracidad de la informaci\u00f3n.<\/strong> Toda la informaci\u00f3n que facilite el usuario debe ser veraz. A tal efecto, el usuario garantiza la autenticidad de los datos comunicados a trav\u00e9s de los formularios para la suscripci\u00f3n de los servicios. Ser\u00e1 responsabilidad del usuario mantener toda la informaci\u00f3n facilitada a <strong>MARINA TURR\u00d3 CASANOVAS<\/strong> permanentemente actualizada de manera que responda, en cada momento, a su situaci\u00f3n real. En todo caso, el Usuario ser\u00e1 el \u00fanico responsable de las manifestaciones falsas o inexactas que haga y de los perjuicios que cause al prestador o a terceros.<\/p><p><strong>2.4. Menores de edad.<\/strong> Para el uso de los servicios, los menores de edad deber\u00e1n obtener siempre previamente el consentimiento de los padres, tutores o representantes legales, responsables \u00faltimos de todos los actos realizados por los menores a su cargo. La responsabilidad en la determinaci\u00f3n de contenidos concretos a los que acceden los menores corresponde a aquellos; por ello, si acceden a contenidos no apropiados para Internet, se deber\u00e1n establecer en sus ordenadores mecanismos, en particular programas inform\u00e1ticos, filtros y bloqueos, que permitan limitar los contenidos disponibles y, aunque no sean infalibles, son de especial utilidad para controlar y restringir los materiales a los que pueden acceder los menores.<\/p><p><strong>2.5. Obligaci\u00f3n de hacer uso correcto de la web.<\/strong> El Usuario se compromete a utilizar la web de conformidad con la Ley y este Aviso Legal, as\u00ed como con la moral y las buenas costumbres. En efecto, el Usuario se abstendr\u00e1 de utilizar la p\u00e1gina con fines il\u00edcitos o prohibidos, lesivos de derechos e intereses de terceros, o que de cualquier manera puedan da\u00f1ar, inutilizar, sobrecargar, deteriorar o impedir la utilizaci\u00f3n normal de equipos inform\u00e1ticos o documentos, archivos y toda clase de contenidos almacenados en cualquier equipo inform\u00e1tico del prestador. En particular, y a t\u00edtulo enunciativo pero no limitativo, el usuario se compromete a no transmitir, difundir o poner a disposici\u00f3n de terceros informaciones, datos, contenidos, mensajes, gr\u00e1ficos, dibujos, archivos de sonido o imagen, fotograf\u00edas, grabaciones, software y, en general, cualquier clase de material que:<\/p><ul><li>(A) sea contrario, menosprecie o atente contra los derechos fundamentales y las libertades p\u00fablicas reconocidas constitucionalmente, en tratados internacionales y otras normas vigentes;<\/li><li>(B) induzca, incite o promueva actuaciones delictivas, denigratorias, difamatorias, violentas o, en general, contrarias a la ley, a la moral y al orden p\u00fablico;<\/li><li>(C) induzca, incite o promueva actuaciones, actitudes o pensamientos discriminatorios por raz\u00f3n de sexo, raza, religi\u00f3n, creencias, edad o condici\u00f3n;<\/li><li>(D) sea contrario al derecho al honor, a la intimidad personal o familiar o a la propia imagen de las personas;<\/li><li>(E) de cualquier manera perjudique la credibilidad del prestador o de terceros; y<\/li><li>(F) constituya publicidad il\u00edcita, enga\u00f1osa o desleal.<\/li><\/ul><h4>3. EXCLUSI\u00d3N DE GARANT\u00cdAS Y RESPONSABILIDAD<\/h4><p>El prestador se exime de cualquier tipo de responsabilidad derivada de la informaci\u00f3n publicada en nuestro sitio web, siempre que dicha informaci\u00f3n haya sido manipulada o introducida por un tercero ajeno. Esta web ha sido revisada y probada para que funcione correctamente. En principio, se puede garantizar el funcionamiento correcto los 365 d\u00edas del a\u00f1o, 24 horas al d\u00eda. No obstante, el prestador no descarta la posibilidad de que existan determinados errores de programaci\u00f3n, o que acontezcan causas de fuerza mayor, cat\u00e1strofes naturales, huelgas o circunstancias semejantes que hagan imposible el acceso a la p\u00e1gina web.<br \/><strong>MARINA TURR\u00d3 CASANOVAS<\/strong> no otorga ninguna garant\u00eda ni se hace responsable, en ning\u00fan caso, de los da\u00f1os y perjuicios de cualquier naturaleza que pudieran traer causa de la falta de disponibilidad, mantenimiento y efectivo funcionamiento de la web o de sus servicios y contenidos; de la existencia de virus, programas maliciosos o lesivos en los contenidos; del uso il\u00edcito, negligente, fraudulento o contrario a este Aviso Legal y condiciones de uso; o de la falta de licitud, calidad, fiabilidad, utilidad y disponibilidad de los servicios prestados por terceros y puestos a disposici\u00f3n de los usuarios en el sitio web. El prestador no se hace responsable bajo ning\u00fan concepto de los da\u00f1os que puedan derivarse del uso ilegal o indebido de la presente p\u00e1gina web.<\/p><h4>4. COOKIES<\/h4><p>El sitio web del prestador puede utilizar cookies (peque\u00f1os archivos de informaci\u00f3n que el servidor env\u00eda al ordenador de quien accede a la p\u00e1gina) para llevar a cabo determinadas funciones que son consideradas imprescindibles para el correcto funcionamiento y visualizaci\u00f3n del sitio. Las cookies utilizadas tienen, en todo caso, car\u00e1cter temporal, con la \u00fanica finalidad de hacer m\u00e1s eficaz la navegaci\u00f3n, y desaparecen al finalizar la sesi\u00f3n del usuario. En ning\u00fan caso se utilizar\u00e1n las cookies para recoger informaci\u00f3n de car\u00e1cter personal. Para m\u00e1s informaci\u00f3n, v\u00e9ase nuestra <a href=\"https:\/\/www.marinaturro.com\/politica-de-cookies\/\" target=\"_blank\" rel=\"noopener\">Pol\u00edtica de Cookies<\/a>.<\/p><h4>5. ENLACES <em>(LINKS)<\/em><\/h4><p>Desde el sitio web es posible que se redirija a contenidos patrocinados, anuncios y\/o enlaces de afiliados y\/o de terceros sitios web. Entre los enlaces facilitados, existe la posibilidad de informar o hacer referencia a productos y\/o servicios de terceros. Dado que desde la web no podemos controlar los contenidos introducidos por los terceros, <strong>MARINA TURR\u00d3 CASANOVAS<\/strong> no asume ning\u00fan tipo de responsabilidad respecto a dichos contenidos, ni garantiza la experiencia, la integridad o la calidad de sus productos. En todo caso, el prestador manifiesta que proceder\u00e1 a la retirada inmediata de cualquier contenido que pudiera contravenir la legislaci\u00f3n nacional o internacional, la moral o el orden p\u00fablico, retirando de forma inmediata la redirecci\u00f3n a dichos sitios web, poniendo en conocimiento de las autoridades competentes el contenido en cuesti\u00f3n. <strong>MARINA TURR\u00d3 CASANOVAS<\/strong> tendr\u00e1 publicados estos enlaces hasta que sean eliminados o suspendidos por el prestador o por el anunciante, y no ser\u00e1 responsable aunque dichos anuncios puedan ser indexados por otros buscadores ajenos a esta web.<br \/>El prestador no se responsabiliza de la informaci\u00f3n y contenidos almacenados, a t\u00edtulo enunciativo pero no limitativo, en foros, chats, generadores de blogs, comentarios, redes sociales o cualquier otro medio que permita a terceros publicar contenidos de forma independiente en la p\u00e1gina web del prestador. No obstante, y en cumplimiento de lo dispuesto en los arts. 11 y 16 de la LSSICE, el prestador se pone a disposici\u00f3n de todos los usuarios, autoridades y fuerzas de seguridad, y colaborar\u00e1 de forma activa en la retirada o, cuando proceda, el bloqueo de todos aquellos contenidos que puedan afectar o contravenir la legislaci\u00f3n nacional o internacional, derechos de terceros o la moral y el orden p\u00fablico. En caso de que el usuario considere que puede existir alg\u00fan contenido que pudiera ser susceptible de esta clasificaci\u00f3n, se ruega que lo notifique de manera inmediata al administrador del sitio web.<br \/>No obstante, <strong>MARINA TURR\u00d3 CASANOVAS<\/strong> le informa de que cualquier relaci\u00f3n contractual o extracontractual que el usuario formalice con esos terceros, afiliados o anunciantes mediante el link proporcionado por esta web ser\u00e1 v\u00e1lida \u00fanica y exclusivamente entre el usuario y el anunciante y\/o tercera persona, y <strong>MARINA TURR\u00d3 CASANOVAS<\/strong> no tendr\u00e1 ning\u00fan tipo de responsabilidad sobre los da\u00f1os o perjuicios que pudieran ser ocasionados por la prestaci\u00f3n de servicios y\/o relaciones contractuales o extracontractuales realizadas entre el usuario y los anunciantes o terceros contactados a trav\u00e9s de este portal, ya que el prestador solo act\u00faa como intermediario o medio publicitario.<\/p><h4>6. PROTECCI\u00d3N DE DATOS PERSONALES<\/h4><p>El prestador est\u00e1 profundamente comprometido con el cumplimiento de la normativa de protecci\u00f3n de datos personales y garantiza el cumplimiento \u00edntegro de las obligaciones dispuestas, as\u00ed como la implementaci\u00f3n de las medidas de seguridad previstas en el Reglamento Europeo de Protecci\u00f3n de Datos y en la normativa espa\u00f1ola de protecci\u00f3n de datos. Para m\u00e1s informaci\u00f3n, v\u00e9ase nuestra <a href=\"https:\/\/www.marinaturro.com\/politica-de-privacitat\/\" target=\"_blank\" rel=\"noopener\">Pol\u00edtica de Privacidad<\/a>.<\/p><h4>7. PROPIEDAD INTELECTUAL E INDUSTRIAL<\/h4><p>El sitio web, incluyendo a t\u00edtulo enunciativo pero no limitativo: la programaci\u00f3n, edici\u00f3n, compilaci\u00f3n y otros elementos necesarios para su funcionamiento, los dise\u00f1os, logotipos, textos, fotograf\u00edas y\/o gr\u00e1ficos son propiedad del prestador o, en su caso, dispone de la licencia o autorizaci\u00f3n expresa por parte de los autores. Todos los contenidos del sitio web est\u00e1n debidamente protegidos por la normativa de propiedad intelectual e industrial. Independientemente de la finalidad para la que fueran destinados, la reproducci\u00f3n total o parcial, uso, distribuci\u00f3n y comunicaci\u00f3n p\u00fablica requieren la autorizaci\u00f3n escrita previa por parte del prestador. Cualquier uso no autorizado previamente por parte del prestador ser\u00e1 considerado un incumplimiento grave de los derechos de propiedad intelectual o industrial del autor.<br \/>Los dise\u00f1os, logotipos, textos y\/o gr\u00e1ficos ajenos al prestador y que puedan aparecer en el sitio web pertenecen a sus respectivos propietarios, siendo ellos mismos responsables de cualquier posible controversia que pudiera suscitarse respecto a los mismos. En todo caso, el prestador cuenta con la autorizaci\u00f3n expresa y previa por parte de los mismos. El prestador reconoce a favor de sus titulares los correspondientes derechos de propiedad industrial e intelectual, y la menci\u00f3n o aparici\u00f3n en el sitio web no implica la existencia de derechos o responsabilidad del prestador sobre los mismos, ni apoyo, patrocinio o recomendaci\u00f3n por parte de este. Para realizar cualquier tipo de observaci\u00f3n respecto a posibles incumplimientos de los derechos de propiedad intelectual o industrial, as\u00ed como sobre cualquiera de los contenidos del sitio web, puede hacerlo a trav\u00e9s del correo electr\u00f3nico arriba rese\u00f1ado.<\/p><h4>8. LEY APLICABLE Y JURISDICCI\u00d3N<\/h4><p>Para la resoluci\u00f3n de las controversias o cuestiones relacionadas con esta p\u00e1gina web o de las actividades en ella desarrolladas, ser\u00e1 de aplicaci\u00f3n la legislaci\u00f3n espa\u00f1ola, a la que se someten expresamente las partes, siendo competentes para la resoluci\u00f3n de todos los conflictos derivados o relacionados con su uso los Juzgados y Tribunales de Barcelona.<\/p>\t\t\t\t\t\t\t\t<\/div>\n\t\t\t\t<\/div>\n\t\t\t\t\t<\/div>\n\t\t\t\t<\/div>\n\t\t\t\t<\/div>\n\t\t","protected":false},"excerpt":{"rendered":"<p>Para dar cumplimiento al art\u00edculo 10 de la Ley 34\/2002 de Servicios de la Sociedad de la Informaci\u00f3n y del Comercio Electr\u00f3nico, informamos a los usuarios de nuestros datos: Denominaci\u00f3n Social: MARINA TURR\u00d3 CASANOVAS Domicilio Social: Carrer Esgl\u00e9sia, 198, 1\u00ba A, 08370, Calella, Barcelona NIF: 38847252E Tel\u00e9fono: 636 99 19 71 E-Mail: marina@marinaturro.com Web: www.marinaturro.com [&hellip;]<\/p>\n","protected":false},"author":1,"featured_media":0,"parent":0,"menu_order":0,"comment_status":"closed","ping_status":"closed","template":"elementor_header_footer","meta":{"_acf_changed":false,"footnotes":""},"class_list":["post-1038","page","type-page","status-publish","hentry"],"acf":[],"yoast_head":"<!-- This site is optimized with the Yoast SEO plugin v27.3 - https:\/\/yoast.com\/product\/yoast-seo-wordpress\/ -->\n<title>Aviso legal - Marina Turr\u00f3 Disseny Gr\u00e0fic i Il\u00b7lustraci\u00f3<\/title>\n<meta name=\"description\" content=\"Para dar cumplimiento al art\u00edculo 10 de la Ley 34\/2002 de Servicios de la Sociedad de la Informaci\u00f3n y del Comercio Electr\u00f3nico, informamos a los usuarios\" \/>\n<meta name=\"robots\" content=\"noindex, nofollow\" \/>\n<meta property=\"og:locale\" content=\"es_ES\" \/>\n<meta property=\"og:type\" content=\"article\" \/>\n<meta property=\"og:title\" content=\"Aviso legal - Marina Turr\u00f3 Disseny Gr\u00e0fic i Il\u00b7lustraci\u00f3\" \/>\n<meta property=\"og:description\" content=\"Para dar cumplimiento al art\u00edculo 10 de la Ley 34\/2002 de Servicios de la Sociedad de la Informaci\u00f3n y del Comercio Electr\u00f3nico, informamos a los usuarios\" \/>\n<meta property=\"og:url\" content=\"https:\/\/www.marinaturro.com\/es\/aviso-legal\/\" \/>\n<meta property=\"og:site_name\" content=\"Marina Turr\u00f3 Disseny Gr\u00e0fic i Il\u00b7lustraci\u00f3\" \/>\n<meta property=\"article:modified_time\" content=\"2025-10-24T10:01:07+00:00\" \/>\n<meta name=\"twitter:card\" content=\"summary_large_image\" \/>\n<meta name=\"twitter:label1\" content=\"Tiempo de lectura\" \/>\n\t<meta name=\"twitter:data1\" content=\"9 minutos\" \/>\n<script type=\"application\/ld+json\" class=\"yoast-schema-graph\">{\"@context\":\"https:\\\/\\\/schema.org\",\"@graph\":[{\"@type\":\"WebPage\",\"@id\":\"https:\\\/\\\/www.marinaturro.com\\\/es\\\/aviso-legal\\\/\",\"url\":\"https:\\\/\\\/www.marinaturro.com\\\/es\\\/aviso-legal\\\/\",\"name\":\"Aviso legal - Marina Turr\u00f3 Disseny Gr\u00e0fic i Il\u00b7lustraci\u00f3\",\"isPartOf\":{\"@id\":\"https:\\\/\\\/www.marinaturro.com\\\/es\\\/#website\"},\"datePublished\":\"2025-09-24T12:05:02+00:00\",\"dateModified\":\"2025-10-24T10:01:07+00:00\",\"description\":\"Para dar cumplimiento al art\u00edculo 10 de la Ley 34\\\/2002 de Servicios de la Sociedad de la Informaci\u00f3n y del Comercio Electr\u00f3nico, informamos a los usuarios\",\"breadcrumb\":{\"@id\":\"https:\\\/\\\/www.marinaturro.com\\\/es\\\/aviso-legal\\\/#breadcrumb\"},\"inLanguage\":\"es\",\"potentialAction\":[{\"@type\":\"ReadAction\",\"target\":[\"https:\\\/\\\/www.marinaturro.com\\\/es\\\/aviso-legal\\\/\"]}]},{\"@type\":\"BreadcrumbList\",\"@id\":\"https:\\\/\\\/www.marinaturro.com\\\/es\\\/aviso-legal\\\/#breadcrumb\",\"itemListElement\":[{\"@type\":\"ListItem\",\"position\":1,\"name\":\"Inici\",\"item\":\"https:\\\/\\\/www.marinaturro.com\\\/es\\\/\"},{\"@type\":\"ListItem\",\"position\":2,\"name\":\"Aviso legal\"}]},{\"@type\":\"WebSite\",\"@id\":\"https:\\\/\\\/www.marinaturro.com\\\/es\\\/#website\",\"url\":\"https:\\\/\\\/www.marinaturro.com\\\/es\\\/\",\"name\":\"Marina Turr\u00f3 Disseny Gr\u00e0fic i Il\u00b7lustraci\u00f3\",\"description\":\"Disseny Gr\u00e0fic i Il\u00b7lustraci\u00f3 a Calella\",\"potentialAction\":[{\"@type\":\"SearchAction\",\"target\":{\"@type\":\"EntryPoint\",\"urlTemplate\":\"https:\\\/\\\/www.marinaturro.com\\\/es\\\/?s={search_term_string}\"},\"query-input\":{\"@type\":\"PropertyValueSpecification\",\"valueRequired\":true,\"valueName\":\"search_term_string\"}}],\"inLanguage\":\"es\"}]}<\/script>\n<!-- \/ Yoast SEO plugin. -->","yoast_head_json":{"title":"Aviso legal - Marina Turr\u00f3 Disseny Gr\u00e0fic i Il\u00b7lustraci\u00f3","description":"Para dar cumplimiento al art\u00edculo 10 de la Ley 34\/2002 de Servicios de la Sociedad de la Informaci\u00f3n y del Comercio Electr\u00f3nico, informamos a los usuarios","robots":{"index":"noindex","follow":"nofollow"},"og_locale":"es_ES","og_type":"article","og_title":"Aviso legal - Marina Turr\u00f3 Disseny Gr\u00e0fic i Il\u00b7lustraci\u00f3","og_description":"Para dar cumplimiento al art\u00edculo 10 de la Ley 34\/2002 de Servicios de la Sociedad de la Informaci\u00f3n y del Comercio Electr\u00f3nico, informamos a los usuarios","og_url":"https:\/\/www.marinaturro.com\/es\/aviso-legal\/","og_site_name":"Marina Turr\u00f3 Disseny Gr\u00e0fic i Il\u00b7lustraci\u00f3","article_modified_time":"2025-10-24T10:01:07+00:00","twitter_card":"summary_large_image","twitter_misc":{"Tiempo de lectura":"9 minutos"},"schema":{"@context":"https:\/\/schema.org","@graph":[{"@type":"WebPage","@id":"https:\/\/www.marinaturro.com\/es\/aviso-legal\/","url":"https:\/\/www.marinaturro.com\/es\/aviso-legal\/","name":"Aviso legal - Marina Turr\u00f3 Disseny Gr\u00e0fic i Il\u00b7lustraci\u00f3","isPartOf":{"@id":"https:\/\/www.marinaturro.com\/es\/#website"},"datePublished":"2025-09-24T12:05:02+00:00","dateModified":"2025-10-24T10:01:07+00:00","description":"Para dar cumplimiento al art\u00edculo 10 de la Ley 34\/2002 de Servicios de la Sociedad de la Informaci\u00f3n y del Comercio Electr\u00f3nico, informamos a los usuarios","breadcrumb":{"@id":"https:\/\/www.marinaturro.com\/es\/aviso-legal\/#breadcrumb"},"inLanguage":"es","potentialAction":[{"@type":"ReadAction","target":["https:\/\/www.marinaturro.com\/es\/aviso-legal\/"]}]},{"@type":"BreadcrumbList","@id":"https:\/\/www.marinaturro.com\/es\/aviso-legal\/#breadcrumb","itemListElement":[{"@type":"ListItem","position":1,"name":"Inici","item":"https:\/\/www.marinaturro.com\/es\/"},{"@type":"ListItem","position":2,"name":"Aviso legal"}]},{"@type":"WebSite","@id":"https:\/\/www.marinaturro.com\/es\/#website","url":"https:\/\/www.marinaturro.com\/es\/","name":"Marina Turr\u00f3 Disseny Gr\u00e0fic i Il\u00b7lustraci\u00f3","description":"Disseny Gr\u00e0fic i Il\u00b7lustraci\u00f3 a Calella","potentialAction":[{"@type":"SearchAction","target":{"@type":"EntryPoint","urlTemplate":"https:\/\/www.marinaturro.com\/es\/?s={search_term_string}"},"query-input":{"@type":"PropertyValueSpecification","valueRequired":true,"valueName":"search_term_string"}}],"inLanguage":"es"}]}},"_links":{"self":[{"href":"https:\/\/www.marinaturro.com\/es\/wp-json\/wp\/v2\/pages\/1038","targetHints":{"allow":["GET"]}}],"collection":[{"href":"https:\/\/www.marinaturro.com\/es\/wp-json\/wp\/v2\/pages"}],"about":[{"href":"https:\/\/www.marinaturro.com\/es\/wp-json\/wp\/v2\/types\/page"}],"author":[{"embeddable":true,"href":"https:\/\/www.marinaturro.com\/es\/wp-json\/wp\/v2\/users\/1"}],"replies":[{"embeddable":true,"href":"https:\/\/www.marinaturro.com\/es\/wp-json\/wp\/v2\/comments?post=1038"}],"version-history":[{"count":5,"href":"https:\/\/www.marinaturro.com\/es\/wp-json\/wp\/v2\/pages\/1038\/revisions"}],"predecessor-version":[{"id":1927,"href":"https:\/\/www.marinaturro.com\/es\/wp-json\/wp\/v2\/pages\/1038\/revisions\/1927"}],"wp:attachment":[{"href":"https:\/\/www.marinaturro.com\/es\/wp-json\/wp\/v2\/media?parent=1038"}],"curies":[{"name":"wp","href":"https:\/\/api.w.org\/{rel}","templated":true}]}}